{"id":11,"date":"2014-06-13T11:05:17","date_gmt":"2014-06-13T09:05:17","guid":{"rendered":"http:\/\/www.holmon.info\/?page_id=11"},"modified":"2014-06-13T11:05:17","modified_gmt":"2014-06-13T09:05:17","slug":"om-sidan-2","status":"publish","type":"page","link":"https:\/\/holmon.info\/?page_id=11","title":{"rendered":"Om sidan"},"content":{"rendered":"<p>&nbsp;<br \/>\n<strong>V\u00e4lkomna till \u201dHolm\u00f6ns framtid\u201d<\/strong><br \/>\nDet bl\u00e5ser p\u00e5 Holm\u00f6n. Inte bara bokstavligt utan \u00e4ven bildligt. Detta \u00e4r n\u00e5got som hotar att splittra den samf\u00e4llighet vi alla k\u00e4nt f\u00f6r \u201dv\u00e5r \u00f6\u201d och f\u00f6r varandra. Tonl\u00e4get har stundom skruvats upp till en s\u00e5dan niv\u00e5 att det f\u00f6r m\u00e5nga k\u00e4nts obehagligt. Det \u00e4r n\u00e5got som m\u00e5ste kv\u00e4vas i sin linda. Vi har haft nog av interna konflikter som hotat att slita Holm\u00f6n mitt itu.<br \/>\n\u00c5sikterna \u00e4r m\u00e5nga om vilken v\u00e4g vi m\u00e5ste g\u00e5 in i framtiden f\u00f6r att Holm\u00f6n skall forts\u00e4tta som en livskraftig \u00f6 med f\u00e4rja och en fungerande infrastruktur. F\u00f6r de flesta av oss \u00e4r det oacceptabelt att Holm\u00f6n sakta men s\u00e4kert tappar sin fastboende befolkning f\u00f6r att s\u00e5 sm\u00e5ningom bli en sommar\u00f6. En f\u00f6rlorad f\u00e4rja, en igenbommad aff\u00e4r som tappat sin funktion som m\u00f6tespunkt och f\u00f6rlusten av annan infrastruktur skulle vara skadligt f\u00f6r alla men \u00e4r likv\u00e4l ett fullt t\u00e4nkbart scenario som inte ligger l\u00e5ngt in i framtiden.<br \/>\nDen h\u00e4r sidan har vi startat f\u00f6r att kunna ge en balanserad information kring olika utvecklingsm\u00f6jligheter som finns f\u00f6r Holm\u00f6n. Vi kommer inte skygga f\u00f6r n\u00e5gra \u00e4mnen, \u00e4ven om de \u00e4r kontroversiella. D\u00e4remot vill vi inte ha ett \u00f6ppet kommentarsf\u00e4lt efter de olika inl\u00e4ggen. Det finns b\u00e4ttre s\u00e4tt att kommunicera en avvikande uppfattning \u00e4n att l\u00e4mna \u00f6ppet f\u00f6r snabba och ibland elaka anonyma inl\u00e4gg. Vi kan ha olika \u00e5sikter kring etablering av vindkraft, kompensations\u00e5tg\u00e4rder och f\u00e4rjan. Men vi m\u00e5ste respektera varandra. \u00c4r det n\u00e5got av det som presenteras h\u00e4r som du inte kan f\u00f6rlika dig med eller \u00e4r stark motst\u00e5ndare till varf\u00f6r inte kontakta oss direkt f\u00f6r en \u00f6ppen men v\u00e4nlig diskussion. Vi kan och f\u00e5r ha olika \u00e5sikter, men i grund och botten har vi ett gemensamt:<br \/>\n<strong>Holm\u00f6ns b\u00e4sta f\u00f6r v\u00e5ra \u00f6gon.<\/strong><br \/>\nVilka \u00e4r vi som st\u00e5r bakom sidan?<br \/>\n<strong>Medverkande (bokstavsordning)<\/strong><br \/>\n&#8211; G\u00f6ran Bur\u00e9n, boende p\u00e5 Holm\u00f6n, mark\u00e4gare<br \/>\n&#8211; Kurt Edlund, boende p\u00e5 Holm\u00f6n, mark\u00e4gare<br \/>\n&#8211; Walter Holmberg, boende p\u00e5 Holm\u00f6n, mark\u00e4gare<br \/>\n&#8211; Inge Holmgren, fritidsboende p\u00e5 Holm\u00f6n, mark\u00e4gare<br \/>\n&#8211; Lars Janz\u00e9n, fritidsboende p\u00e5 Holm\u00f6n, ordf\u00f6rande f\u00f6r Holm\u00f6ns samf\u00e4llighetsf\u00f6rening, mark\u00e4gare<br \/>\n&#8211; Bengt Krisandersson, fritidsboende p\u00e5 Holm\u00f6n, mark\u00e4gare<br \/>\n&#8211; Carina Krisandersson \u00c5kerstr\u00f6m, fritidsboende p\u00e5 Holm\u00f6n<br \/>\n&#8211; Thorbj\u00f6rn Lindberg, boende p\u00e5 Holm\u00f6n, Ordf\u00f6rande i Holm\u00f6ns Infrasturuktur grupp, mark\u00e4gare<br \/>\n&#8211; Sven Nordblad, fritidsboende p\u00e5 Holm\u00f6n, mark\u00e4gare<br \/>\n&#8211; Olle Nygren, boende p\u00e5 Holm\u00f6n, mark\u00e4gare och arbetspendlare<br \/>\n&#8211; Bj\u00f6rn Olsen, fritidsboende p\u00e5 Holm\u00f6n, Grundare och stationschef f\u00f6r Stora Fj\u00e4der\u00e4ggs f\u00e5gelstation mellan 1984 och 1997<br \/>\n&#8211; Bo-Gunnar Pettersson, boende p\u00e5 Holm\u00f6n, under 7 \u00e5r f\u00f6rest\u00e5ndare f\u00f6r Holm\u00f6ns Lanthandel<br \/>\n&#8211; Elise Tegstr\u00f6m, boende p\u00e5 Holm\u00f6n, mark\u00e4gare<br \/>\nV\u00e4lkommen att kontakta oss p\u00e5 epost <strong>holmon.info@gmail.com<\/strong><\/p>\n","protected":false},"excerpt":{"rendered":"<p>&nbsp; V\u00e4lkomna till \u201dHolm\u00f6ns framtid\u201d Det bl\u00e5ser p\u00e5 Holm\u00f6n. Inte bara bokstavligt utan \u00e4ven bildligt. Detta \u00e4r n\u00e5got som hotar att splittra den samf\u00e4llighet vi alla k\u00e4nt f\u00f6r \u201dv\u00e5r \u00f6\u201d och f\u00f6r varandra. Tonl\u00e4get har stundom skruvats upp till en s\u00e5dan niv\u00e5 att det f\u00f6r<\/p>\n","protected":false},"author":1,"featured_media":0,"parent":0,"menu_order":0,"comment_status":"closed","ping_status":"closed","template":"","meta":{"footnotes":""},"class_list":["post-11","page","type-page","status-publish","hentry"],"_links":{"self":[{"href":"https:\/\/holmon.info\/index.php?rest_route=\/wp\/v2\/pages\/11","targetHints":{"allow":["GET"]}}],"collection":[{"href":"https:\/\/holmon.info\/index.php?rest_route=\/wp\/v2\/pages"}],"about":[{"href":"https:\/\/holmon.info\/index.php?rest_route=\/wp\/v2\/types\/page"}],"author":[{"embeddable":true,"href":"https:\/\/holmon.info\/index.php?rest_route=\/wp\/v2\/users\/1"}],"replies":[{"embeddable":true,"href":"https:\/\/holmon.info\/index.php?rest_route=%2Fwp%2Fv2%2Fcomments&post=11"}],"version-history":[{"count":0,"href":"https:\/\/holmon.info\/index.php?rest_route=\/wp\/v2\/pages\/11\/revisions"}],"wp:attachment":[{"href":"https:\/\/holmon.info\/index.php?rest_route=%2Fwp%2Fv2%2Fmedia&parent=11"}],"curies":[{"name":"wp","href":"https:\/\/api.w.org\/{rel}","templated":true}]}}